{"id":9626,"date":"2023-05-30T21:07:58","date_gmt":"2023-05-30T21:07:58","guid":{"rendered":"https:\/\/asisprojects.com\/?page_id=9626"},"modified":"2023-10-23T18:27:47","modified_gmt":"2023-10-23T16:27:47","slug":"construccion-y-rehabilitacion","status":"publish","type":"page","link":"http:\/\/asisprojects.com\/index.php\/construccion-y-rehabilitacion\/","title":{"rendered":"Construcci\u00f3n y Rehabilitaci\u00f3n"},"content":{"rendered":"<section class=\"wpb-content-wrapper\"><p>[vc_row][vc_column][vc_empty_space height=\u00bb200px\u00bb woodmart_hide_large=\u00bb0&#8243; woodmart_hide_medium=\u00bb0&#8243; woodmart_hide_small=\u00bb0&#8243;]\n\t\t<div id=\"wd-6482522381290\" class=\"title-wrapper wd-wpb set-mb-s reset-last-child  wd-rs-6482522381290 wd-title-color-default wd-title-style-default text-center vc_custom_1686262324812 wd-width-custom wd-underline-bordered\">\n\t\t\t\n\t\t\t<div class=\"liner-continer\">\n\t\t\t\t<h1 class=\"woodmart-title-container title  wd-font-weight-400 wd-fontsize-xxxl\" ><strong><u> Construcci\u00f3n <\/u><\/strong>y Rehabilitaci\u00f3n<\/h1>\n\t\t\t\t\t\t\t<\/div>\n\t\t\t\n\t\t\t\n\t\t\t\n\t\t<\/div>\n\t\t\n\t\t[vc_empty_space height=\u00bb100px\u00bb woodmart_hide_large=\u00bb0&#8243; woodmart_hide_medium=\u00bb0&#8243; woodmart_hide_small=\u00bb0&#8243;][\/vc_column][\/vc_row][vc_row css=\u00bb.vc_custom_1638981424977{margin-bottom: 40px !important;}\u00bb woodmart_css_id=\u00bb61b0df2e2a5ff\u00bb responsive_spacing=\u00bbeyJwYXJhbV90eXBlIjoid29vZG1hcnRfcmVzcG9uc2l2ZV9zcGFjaW5nIiwic2VsZWN0b3JfaWQiOiI2MWIwZGYyZTJhNWZmIiwic2hvcnRjb2RlIjoidmNfcm93IiwiZGF0YSI6eyJ0YWJsZXQiOnt9LCJtb2JpbGUiOnt9fX0=\u00bb mobile_bg_img_hidden=\u00bbno\u00bb tablet_bg_img_hidden=\u00bbno\u00bb woodmart_parallax=\u00bb0&#8243; woodmart_gradient_switch=\u00bbno\u00bb woodmart_box_shadow=\u00bbno\u00bb wd_z_index=\u00bbno\u00bb woodmart_disable_overflow=\u00bb0&#8243; row_reverse_mobile=\u00bb0&#8243; row_reverse_tablet=\u00bb0&#8243;][vc_column width=\u00bb1\/3&#8243; css=\u00bb.vc_custom_1638981412362{margin-bottom: 40px !important;}\u00bb woodmart_css_id=\u00bb61b0df1e76ac3&#8243; parallax_scroll=\u00bbno\u00bb woodmart_sticky_column=\u00bbfalse\u00bb wd_collapsible_content_switcher=\u00bbno\u00bb mobile_bg_img_hidden=\u00bbno\u00bb tablet_bg_img_hidden=\u00bbno\u00bb woodmart_parallax=\u00bb0&#8243; woodmart_box_shadow=\u00bbno\u00bb mobile_reset_margin=\u00bbno\u00bb tablet_reset_margin=\u00bbno\u00bb wd_z_index=\u00bbno\u00bb responsive_spacing=\u00bbeyJwYXJhbV90eXBlIjoid29vZG1hcnRfcmVzcG9uc2l2ZV9zcGFjaW5nIiwic2VsZWN0b3JfaWQiOiI2MWIwZGYxZTc2YWMzIiwic2hvcnRjb2RlIjoidmNfY29sdW1uIiwiZGF0YSI6eyJ0YWJsZXQiOnt9LCJtb2JpbGUiOnt9fX0=\u00bb]\t\t<div class=\"promo-banner-wrapper  wd-rs-6492cf5b863ee \">\n\t\t\t<div id=\"wd-6492cf5b863ee\" class=\"promo-banner  banner-mask banner-hover-zoom color-scheme-light banner-btn-size-default banner-btn-style-link  with-btn banner-btn-position-hover cursor-pointer wd-underline-colored\"\t\t\t\t onclick=\"window.location.href='https:\/\/asisprojects.com\/index.php\/galeria-construccion\/'\"\t\t\t>\n\t\t\t\t<div class=\"main-wrapp-img\">\n\t\t\t\t\t<div class=\"banner-image wd-bg-position-center\" >\n\t\t\t\t\t\t<img class=\"promo-banner-image \" src=\"http:\/\/asisprojects.com\/wp-content\/uploads\/2023\/06\/WhatsApp-Image-2020-04-22-at-17.54.15-6-e1686755514412.jpeg\" width=\"500\" height=\"375\" alt=\"WhatsApp Image 2020-04-22 at 17.54.15 (6)\" title=\"WhatsApp Image 2020-04-22 at 17.54.15 (6)\" \/>\t\t\t\t\t<\/div>\n\t\t\t\t<\/div>\n\n\t\t\t\t<div class=\"wrapper-content-banner wd-fill  wd-items-bottom wd-justify-center\">\n\t\t\t\t\t<div class=\"content-banner  text-center\">\n\t\t\t\t\t\t<h2 class=\"banner-title wd-font-weight-400 wd-fontsize-xxl\">Construcci\u00f3n y Rehabilitaci\u00f3n de viviendas<\/h2>\t\t\t\t\t\t\n\t\t\t\t\t\t\n\t\t\t\t\t\t<div class=\"banner-btn-wrapper\"><div id=\"wd-69f28de29d2ad\" class=\"  wd-button-wrapper text-center\"><a  class=\"btn btn-color-white btn-style-link btn-style-rectangle btn-size-default\">VER M\u00c1S<\/a><\/div><\/div>\t\t\t\t\t<\/div>\n\t\t\t\t<\/div>\n\t\t\t\t\t\t\t<\/div>\n\t\t<\/div>\n\n\t\t[\/vc_column][vc_column width=\u00bb1\/3&#8243; css=\u00bb.vc_custom_1638981416569{margin-bottom: 40px !important;}\u00bb woodmart_css_id=\u00bb61b0df25c96c0&#8243; parallax_scroll=\u00bbno\u00bb woodmart_sticky_column=\u00bbfalse\u00bb wd_collapsible_content_switcher=\u00bbno\u00bb mobile_bg_img_hidden=\u00bbno\u00bb tablet_bg_img_hidden=\u00bbno\u00bb woodmart_parallax=\u00bb0&#8243; woodmart_box_shadow=\u00bbno\u00bb mobile_reset_margin=\u00bbno\u00bb tablet_reset_margin=\u00bbno\u00bb wd_z_index=\u00bbno\u00bb responsive_spacing=\u00bbeyJwYXJhbV90eXBlIjoid29vZG1hcnRfcmVzcG9uc2l2ZV9zcGFjaW5nIiwic2VsZWN0b3JfaWQiOiI2MWIwZGYyNWM5NmMwIiwic2hvcnRjb2RlIjoidmNfY29sdW1uIiwiZGF0YSI6eyJ0YWJsZXQiOnt9LCJtb2JpbGUiOnt9fX0=\u00bb]\t\t<div class=\"promo-banner-wrapper  wd-rs-65369ee68cd42 \">\n\t\t\t<div id=\"wd-65369ee68cd42\" class=\"promo-banner  banner-mask banner-hover-zoom color-scheme-light banner-btn-size-default banner-btn-style-link  with-btn banner-btn-position-hover cursor-pointer wd-underline-colored\"\t\t\t\t onclick=\"window.location.href='https:\/\/asisprojects.com\/index.php\/galeria-pergolas\/'\"\t\t\t>\n\t\t\t\t<div class=\"main-wrapp-img\">\n\t\t\t\t\t<div class=\"banner-image wd-bg-position-center\" >\n\t\t\t\t\t\t<img class=\"promo-banner-image \" src=\"http:\/\/asisprojects.com\/wp-content\/uploads\/2023\/06\/WhatsApp-Image-2020-07-19-at-10.59.17-e1687082733772.jpeg\" width=\"500\" height=\"375\" alt=\"WhatsApp Image 2020-07-19 at 10.59.17\" title=\"WhatsApp Image 2020-07-19 at 10.59.17\" \/>\t\t\t\t\t<\/div>\n\t\t\t\t<\/div>\n\n\t\t\t\t<div class=\"wrapper-content-banner wd-fill  wd-items-bottom wd-justify-center\">\n\t\t\t\t\t<div class=\"content-banner  text-center\">\n\t\t\t\t\t\t<h2 class=\"banner-title wd-font-weight-400 wd-fontsize-xxl\">P\u00e9rgolas, Casetas de Madera,<br \/>\nCenadores y Porches<\/h2>\t\t\t\t\t\t\n\t\t\t\t\t\t\n\t\t\t\t\t\t<div class=\"banner-btn-wrapper\"><div id=\"wd-69f28de29d666\" class=\"  wd-button-wrapper text-center\"><a  class=\"btn btn-color-white btn-style-link btn-style-rectangle btn-size-default\">VER M\u00c1S<\/a><\/div><\/div>\t\t\t\t\t<\/div>\n\t\t\t\t<\/div>\n\t\t\t\t\t\t\t<\/div>\n\t\t<\/div>\n\n\t\t[\/vc_column][vc_column width=\u00bb1\/3&#8243; css=\u00bb.vc_custom_1638981421009{margin-bottom: 40px !important;}\u00bb woodmart_css_id=\u00bb61b0df2a2e02f\u00bb parallax_scroll=\u00bbno\u00bb woodmart_sticky_column=\u00bbfalse\u00bb wd_collapsible_content_switcher=\u00bbno\u00bb mobile_bg_img_hidden=\u00bbno\u00bb tablet_bg_img_hidden=\u00bbno\u00bb woodmart_parallax=\u00bb0&#8243; woodmart_box_shadow=\u00bbno\u00bb mobile_reset_margin=\u00bbno\u00bb tablet_reset_margin=\u00bbno\u00bb wd_z_index=\u00bbno\u00bb responsive_spacing=\u00bbeyJwYXJhbV90eXBlIjoid29vZG1hcnRfcmVzcG9uc2l2ZV9zcGFjaW5nIiwic2VsZWN0b3JfaWQiOiI2MWIwZGYyYTJlMDJmIiwic2hvcnRjb2RlIjoidmNfY29sdW1uIiwiZGF0YSI6eyJ0YWJsZXQiOnt9LCJtb2JpbGUiOnt9fX0=\u00bb]\t\t<div class=\"promo-banner-wrapper  wd-rs-6492cf1368de2 \">\n\t\t\t<div id=\"wd-6492cf1368de2\" class=\"promo-banner  banner-mask banner-hover-zoom color-scheme-light banner-btn-size-default banner-btn-style-link  with-btn banner-btn-position-hover cursor-pointer wd-underline-colored\"\t\t\t\t onclick=\"window.location.href='https:\/\/asisprojects.com\/index.php\/galeria-piscinas\/'\"\t\t\t>\n\t\t\t\t<div class=\"main-wrapp-img\">\n\t\t\t\t\t<div class=\"banner-image wd-bg-position-center\" >\n\t\t\t\t\t\t<img class=\"promo-banner-image \" src=\"http:\/\/asisprojects.com\/wp-content\/uploads\/2023\/06\/IMG_4245-e1687082421969.jpg\" width=\"500\" height=\"375\" alt=\"IMG_4245\" title=\"IMG_4245\" \/>\t\t\t\t\t<\/div>\n\t\t\t\t<\/div>\n\n\t\t\t\t<div class=\"wrapper-content-banner wd-fill  wd-items-bottom wd-justify-center\">\n\t\t\t\t\t<div class=\"content-banner  text-center\">\n\t\t\t\t\t\t<h2 class=\"banner-title wd-font-weight-400 wd-fontsize-xxl\">Piscinas<\/h2>\t\t\t\t\t\t\n\t\t\t\t\t\t\n\t\t\t\t\t\t<div class=\"banner-btn-wrapper\"><div id=\"wd-69f28de29d9e2\" class=\"  wd-button-wrapper text-center\"><a  class=\"btn btn-color-white btn-style-link btn-style-rectangle btn-size-default\">VER M\u00c1S<\/a><\/div><\/div>\t\t\t\t\t<\/div>\n\t\t\t\t<\/div>\n\t\t\t\t\t\t\t<\/div>\n\t\t<\/div>\n\n\t\t[\/vc_column][\/vc_row][vc_row css=\u00bb.vc_custom_1638981424977{margin-bottom: 40px !important;}\u00bb woodmart_css_id=\u00bb61b0df2e2a5ff\u00bb responsive_spacing=\u00bbeyJwYXJhbV90eXBlIjoid29vZG1hcnRfcmVzcG9uc2l2ZV9zcGFjaW5nIiwic2VsZWN0b3JfaWQiOiI2MWIwZGYyZTJhNWZmIiwic2hvcnRjb2RlIjoidmNfcm93IiwiZGF0YSI6eyJ0YWJsZXQiOnt9LCJtb2JpbGUiOnt9fX0=\u00bb mobile_bg_img_hidden=\u00bbno\u00bb tablet_bg_img_hidden=\u00bbno\u00bb woodmart_parallax=\u00bb0&#8243; woodmart_gradient_switch=\u00bbno\u00bb woodmart_box_shadow=\u00bbno\u00bb wd_z_index=\u00bbno\u00bb woodmart_disable_overflow=\u00bb0&#8243; row_reverse_mobile=\u00bb0&#8243; row_reverse_tablet=\u00bb0&#8243;][vc_column width=\u00bb1\/4&#8243; css=\u00bb.vc_custom_1638981412362{margin-bottom: 40px !important;}\u00bb woodmart_css_id=\u00bb61b0df1e76ac3&#8243; parallax_scroll=\u00bbno\u00bb woodmart_sticky_column=\u00bbfalse\u00bb wd_collapsible_content_switcher=\u00bbno\u00bb mobile_bg_img_hidden=\u00bbno\u00bb tablet_bg_img_hidden=\u00bbno\u00bb woodmart_parallax=\u00bb0&#8243; woodmart_box_shadow=\u00bbno\u00bb mobile_reset_margin=\u00bbno\u00bb tablet_reset_margin=\u00bbno\u00bb wd_z_index=\u00bbno\u00bb responsive_spacing=\u00bbeyJwYXJhbV90eXBlIjoid29vZG1hcnRfcmVzcG9uc2l2ZV9zcGFjaW5nIiwic2VsZWN0b3JfaWQiOiI2MWIwZGYxZTc2YWMzIiwic2hvcnRjb2RlIjoidmNfY29sdW1uIiwiZGF0YSI6eyJ0YWJsZXQiOnt9LCJtb2JpbGUiOnt9fX0=\u00bb]\t\t<div class=\"promo-banner-wrapper  wd-rs-6492cf254a28a \">\n\t\t\t<div id=\"wd-6492cf254a28a\" class=\"promo-banner  banner-mask banner-hover-zoom color-scheme-light banner-btn-size-default banner-btn-style-link  with-btn banner-btn-position-hover cursor-pointer wd-underline-colored\"\t\t\t\t onclick=\"window.location.href='https:\/\/asisprojects.com\/index.php\/galeria-cerramientos\/'\"\t\t\t>\n\t\t\t\t<div class=\"main-wrapp-img\">\n\t\t\t\t\t<div class=\"banner-image wd-bg-position-center\" >\n\t\t\t\t\t\t<img class=\"promo-banner-image \" src=\"http:\/\/asisprojects.com\/wp-content\/uploads\/2023\/06\/IMG_6936-e1686760964379.jpg\" width=\"500\" height=\"375\" alt=\"IMG_6936\" title=\"IMG_6936\" \/>\t\t\t\t\t<\/div>\n\t\t\t\t<\/div>\n\n\t\t\t\t<div class=\"wrapper-content-banner wd-fill  wd-items-bottom wd-justify-center\">\n\t\t\t\t\t<div class=\"content-banner  text-center\">\n\t\t\t\t\t\t<h3 class=\"banner-title wd-font-weight-400 wd-fontsize-xxl\">Cerramientos<\/h3>\t\t\t\t\t\t\n\t\t\t\t\t\t\n\t\t\t\t\t\t<div class=\"banner-btn-wrapper\"><div id=\"wd-69f28de29dd67\" class=\"  wd-button-wrapper text-center\"><a  class=\"btn btn-color-white btn-style-link btn-style-rectangle btn-size-default\">VER M\u00c1S<\/a><\/div><\/div>\t\t\t\t\t<\/div>\n\t\t\t\t<\/div>\n\t\t\t\t\t\t\t<\/div>\n\t\t<\/div>\n\n\t\t[\/vc_column][vc_column width=\u00bb1\/4&#8243;]\t\t<div class=\"promo-banner-wrapper  wd-rs-649c643939290 \">\n\t\t\t<div id=\"wd-649c643939290\" class=\"promo-banner  banner-mask banner-hover-zoom color-scheme-light banner-btn-size-default banner-btn-style-link  with-btn banner-btn-position-hover cursor-pointer wd-underline-colored\"\t\t\t\t onclick=\"window.location.href='https:\/\/asisprojects.com\/index.php\/galeria-iluminacion\/'\"\t\t\t>\n\t\t\t\t<div class=\"main-wrapp-img\">\n\t\t\t\t\t<div class=\"banner-image wd-bg-position-center\" >\n\t\t\t\t\t\t<img class=\"promo-banner-image \" src=\"http:\/\/asisprojects.com\/wp-content\/uploads\/2023\/06\/WhatsApp-Image-2022-11-19-at-13.11.47-8-e1687251893215.jpeg\" width=\"500\" height=\"375\" alt=\"WhatsApp Image 2022-11-19 at 13.11.47 (8)\" title=\"WhatsApp Image 2022-11-19 at 13.11.47 (8)\" \/>\t\t\t\t\t<\/div>\n\t\t\t\t<\/div>\n\n\t\t\t\t<div class=\"wrapper-content-banner wd-fill  wd-items-bottom wd-justify-center\">\n\t\t\t\t\t<div class=\"content-banner  text-center\">\n\t\t\t\t\t\t<h3 class=\"banner-title wd-font-weight-400 wd-fontsize-xxl\">Iluminaci\u00f3n<\/h3>\t\t\t\t\t\t\n\t\t\t\t\t\t\n\t\t\t\t\t\t<div class=\"banner-btn-wrapper\"><div id=\"wd-69f28de29e098\" class=\"  wd-button-wrapper text-center\"><a  class=\"btn btn-color-white btn-style-link btn-style-rectangle btn-size-default\">VER M\u00c1S<\/a><\/div><\/div>\t\t\t\t\t<\/div>\n\t\t\t\t<\/div>\n\t\t\t\t\t\t\t<\/div>\n\t\t<\/div>\n\n\t\t[\/vc_column][vc_column width=\u00bb1\/4&#8243;]\t\t<div class=\"promo-banner-wrapper  wd-rs-6492cf33a32db \">\n\t\t\t<div id=\"wd-6492cf33a32db\" class=\"promo-banner  banner-mask banner-hover-zoom color-scheme-light banner-btn-size-default banner-btn-style-link  with-btn banner-btn-position-hover cursor-pointer wd-underline-colored\"\t\t\t\t onclick=\"window.location.href='https:\/\/asisprojects.com\/index.php\/galeria-urbanizacion-de-parcelas\/'\"\t\t\t>\n\t\t\t\t<div class=\"main-wrapp-img\">\n\t\t\t\t\t<div class=\"banner-image wd-bg-position-center\" >\n\t\t\t\t\t\t<img class=\"promo-banner-image \" src=\"http:\/\/asisprojects.com\/wp-content\/uploads\/2023\/06\/IPHONE-SEPTIEMBRE-2013-3222-scaled-e1687251686360.jpg\" width=\"500\" height=\"373\" alt=\"IPHONE SEPTIEMBRE 2013 3222\" title=\"IPHONE SEPTIEMBRE 2013 3222\" \/>\t\t\t\t\t<\/div>\n\t\t\t\t<\/div>\n\n\t\t\t\t<div class=\"wrapper-content-banner wd-fill  wd-items-bottom wd-justify-center\">\n\t\t\t\t\t<div class=\"content-banner  text-center\">\n\t\t\t\t\t\t<h3 class=\"banner-title wd-font-weight-400 wd-fontsize-xxl\">Urbanizaci\u00f3n de Parcelas<\/h3>\t\t\t\t\t\t\n\t\t\t\t\t\t\n\t\t\t\t\t\t<div class=\"banner-btn-wrapper\"><div id=\"wd-69f28de29e3d3\" class=\"  wd-button-wrapper text-center\"><a  class=\"btn btn-color-white btn-style-link btn-style-rectangle btn-size-default\">VER M\u00c1S<\/a><\/div><\/div>\t\t\t\t\t<\/div>\n\t\t\t\t<\/div>\n\t\t\t\t\t\t\t<\/div>\n\t\t<\/div>\n\n\t\t[\/vc_column][vc_column width=\u00bb1\/4&#8243;]\t\t<div class=\"promo-banner-wrapper  wd-rs-649c646593dc9 \">\n\t\t\t<div id=\"wd-649c646593dc9\" class=\"promo-banner  banner-mask banner-hover-zoom color-scheme-light banner-btn-size-default banner-btn-style-link  with-btn banner-btn-position-static cursor-pointer wd-underline-colored\"\t\t\t\t onclick=\"window.location.href='https:\/\/asisprojects.com\/index.php\/galeria-instalaciones-fotovoltaicas\/'\"\t\t\t>\n\t\t\t\t<div class=\"main-wrapp-img\">\n\t\t\t\t\t<div class=\"banner-image wd-bg-position-center\" >\n\t\t\t\t\t\t<img class=\"promo-banner-image \" src=\"http:\/\/asisprojects.com\/wp-content\/uploads\/2023\/06\/IMG_5516-e1686755758874.jpg\" width=\"500\" height=\"375\" alt=\"IMG_5516\" title=\"IMG_5516\" \/>\t\t\t\t\t<\/div>\n\t\t\t\t<\/div>\n\n\t\t\t\t<div class=\"wrapper-content-banner wd-fill  wd-items-bottom wd-justify-center\">\n\t\t\t\t\t<div class=\"content-banner  text-center\">\n\t\t\t\t\t\t<h3 class=\"banner-title wd-font-weight-400 wd-fontsize-xxl\">Instalaciones Fotovoltaicas<\/h3>\t\t\t\t\t\t\n\t\t\t\t\t\t\n\t\t\t\t\t\t<div class=\"banner-btn-wrapper\"><div id=\"wd-69f28de29e72a\" class=\"  wd-button-wrapper text-center\"><a  class=\"btn btn-color-white btn-style-link btn-style-rectangle btn-size-default\">VER M\u00c1S<\/a><\/div><\/div>\t\t\t\t\t<\/div>\n\t\t\t\t<\/div>\n\t\t\t\t\t\t\t<\/div>\n\t\t<\/div>\n\n\t\t[\/vc_column][\/vc_row][vc_row][vc_column][\/vc_column][\/vc_row][vc_row full_width=\u00bbstretch_row\u00bb content_placement=\u00bbmiddle\u00bb disable_element=\u00bbyes\u00bb woodmart_css_id=\u00bb6480a3582ec1a\u00bb responsive_spacing=\u00bbeyJwYXJhbV90eXBlIjoid29vZG1hcnRfcmVzcG9uc2l2ZV9zcGFjaW5nIiwic2VsZWN0b3JfaWQiOiI2NDgwYTM1ODJlYzFhIiwic2hvcnRjb2RlIjoidmNfcm93IiwiZGF0YSI6eyJ0YWJsZXQiOnt9LCJtb2JpbGUiOnt9fX0=\u00bb mobile_bg_img_hidden=\u00bbno\u00bb tablet_bg_img_hidden=\u00bbno\u00bb woodmart_parallax=\u00bb0&#8243; woodmart_gradient_switch=\u00bbno\u00bb woodmart_box_shadow=\u00bbno\u00bb wd_z_index=\u00bbno\u00bb woodmart_disable_overflow=\u00bb0&#8243; row_reverse_mobile=\u00bb0&#8243; row_reverse_tablet=\u00bb0&#8243;][vc_column][vc_tta_tabs style=\u00bbmodern\u00bb shape=\u00bbsquare\u00bb color=\u00bborange\u00bb spacing=\u00bb4&#8243; gap=\u00bb4&#8243; alignment=\u00bbcenter\u00bb active_section=\u00bb1&#8243;][vc_tta_section i_icon_fontawesome=\u00bbfab fa-codepen\u00bb add_icon=\u00bbtrue\u00bb title=\u00bbPiscinas\u00bb tab_id=\u00bbPiscinas\u00bb][vc_gallery type=\u00bbimage_grid\u00bb images=\u00bb9640,9641,9649,9648,9643,9642,9644,9646,9647&#8243; img_size=\u00bb382&#8243; el_id=\u00bbPiscinas\u00bb][\/vc_tta_section][vc_tta_section i_icon_fontawesome=\u00bbfas fa-sign-language\u00bb add_icon=\u00bbtrue\u00bb title=\u00bbConstrucci\u00f3n y Rehabilitaci\u00f3n\u00bb tab_id=\u00bbConstruccion\u00bb][vc_gallery type=\u00bbimage_grid\u00bb images=\u00bb9659,9658,9661,9662,9668,9667,9669&#8243; img_size=\u00bb382&#8243; el_id=\u00bbConstruccion\u00bb][\/vc_tta_section][vc_tta_section i_type=\u00bbopeniconic\u00bb i_icon_openiconic=\u00bbvc-oi vc-oi-home\u00bb add_icon=\u00bbtrue\u00bb title=\u00bbPorches\u00bb tab_id=\u00bbPorches\u00bb][vc_gallery type=\u00bbimage_grid\u00bb images=\u00bb9674,9629,9660,9668,9675&#8243; img_size=\u00bb382&#8243;][\/vc_tta_section][\/vc_tta_tabs][\/vc_column][\/vc_row]<\/p>\n<\/section>","protected":false},"excerpt":{"rendered":"<p>[vc_row][vc_column][vc_empty_space height=\u00bb200px\u00bb woodmart_hide_large=\u00bb0&#8243; woodmart_hide_medium=\u00bb0&#8243; woodmart_hide_small=\u00bb0&#8243;][vc_empty_space height=\u00bb100px\u00bb woodmart_hide_large=\u00bb0&#8243; woodmart_hide_medium=\u00bb0&#8243; woodmart_hide_small=\u00bb0&#8243;][\/vc_column][\/vc_row][vc_row css=\u00bb.vc_custom_1638981424977{margin-bottom: 40px !important;}\u00bb woodmart_css_id=\u00bb61b0df2e2a5ff\u00bb responsive_spacing=\u00bbeyJwYXJhbV90eXBlIjoid29vZG1hcnRfcmVzcG9uc2l2ZV9zcGFjaW5nIiwic2VsZWN0b3JfaWQiOiI2MWIwZGYyZTJhNWZmIiwic2hvcnRjb2RlIjoidmNfcm93IiwiZGF0YSI6eyJ0YWJsZXQiOnt9LCJtb2JpbGUiOnt9fX0=\u00bb mobile_bg_img_hidden=\u00bbno\u00bb tablet_bg_img_hidden=\u00bbno\u00bb woodmart_parallax=\u00bb0&#8243; woodmart_gradient_switch=\u00bbno\u00bb woodmart_box_shadow=\u00bbno\u00bb wd_z_index=\u00bbno\u00bb<\/p>\n","protected":false},"author":2,"featured_media":0,"parent":0,"menu_order":0,"comment_status":"closed","ping_status":"closed","template":"","meta":{"_joinchat":[]},"yoast_head":"<!-- This site is optimized with the Yoast SEO plugin v20.9 - https:\/\/yoast.com\/wordpress\/plugins\/seo\/ -->\n<title>Construcci\u00f3n y Rehabilitaci\u00f3n - Asis Projects<\/title>\n<meta name=\"description\" content=\"En Asisprojects realizamos construcciones, reformas, piscinas, p\u00e9rgolas, porches, cenadores, todo tipo de obras para tu casa y tu terreno.\" \/>\n<meta name=\"robots\" content=\"index, follow, max-snippet:-1, max-image-preview:large, max-video-preview:-1\" \/>\n<link rel=\"canonical\" href=\"http:\/\/asisprojects.com\/index.php\/construccion-y-rehabilitacion\/\" \/>\n<meta property=\"og:locale\" content=\"es_ES\" \/>\n<meta property=\"og:type\" content=\"article\" \/>\n<meta property=\"og:title\" content=\"Construcci\u00f3n y Rehabilitaci\u00f3n - Asis Projects\" \/>\n<meta property=\"og:description\" content=\"En Asisprojects realizamos construcciones, reformas, piscinas, p\u00e9rgolas, porches, cenadores, todo tipo de obras para tu casa y tu terreno.\" \/>\n<meta property=\"og:url\" content=\"http:\/\/asisprojects.com\/index.php\/construccion-y-rehabilitacion\/\" \/>\n<meta property=\"og:site_name\" content=\"Asis Projects\" \/>\n<meta property=\"article:modified_time\" content=\"2023-10-23T16:27:47+00:00\" \/>\n<meta name=\"twitter:card\" content=\"summary_large_image\" \/>\n<meta name=\"twitter:label1\" content=\"Tiempo de lectura\" \/>\n\t<meta name=\"twitter:data1\" content=\"2 minutos\" \/>\n<script type=\"application\/ld+json\" class=\"yoast-schema-graph\">{\"@context\":\"https:\/\/schema.org\",\"@graph\":[{\"@type\":\"WebPage\",\"@id\":\"http:\/\/asisprojects.com\/index.php\/construccion-y-rehabilitacion\/\",\"url\":\"http:\/\/asisprojects.com\/index.php\/construccion-y-rehabilitacion\/\",\"name\":\"Construcci\u00f3n y Rehabilitaci\u00f3n - Asis Projects\",\"isPartOf\":{\"@id\":\"http:\/\/asisprojects.com\/#website\"},\"datePublished\":\"2023-05-30T21:07:58+00:00\",\"dateModified\":\"2023-10-23T16:27:47+00:00\",\"description\":\"En Asisprojects realizamos construcciones, reformas, piscinas, p\u00e9rgolas, porches, cenadores, todo tipo de obras para tu casa y tu terreno.\",\"breadcrumb\":{\"@id\":\"http:\/\/asisprojects.com\/index.php\/construccion-y-rehabilitacion\/#breadcrumb\"},\"inLanguage\":\"es\",\"potentialAction\":[{\"@type\":\"ReadAction\",\"target\":[\"http:\/\/asisprojects.com\/index.php\/construccion-y-rehabilitacion\/\"]}]},{\"@type\":\"BreadcrumbList\",\"@id\":\"http:\/\/asisprojects.com\/index.php\/construccion-y-rehabilitacion\/#breadcrumb\",\"itemListElement\":[{\"@type\":\"ListItem\",\"position\":1,\"name\":\"Portada\",\"item\":\"http:\/\/asisprojects.com\/\"},{\"@type\":\"ListItem\",\"position\":2,\"name\":\"Construcci\u00f3n y Rehabilitaci\u00f3n\"}]},{\"@type\":\"WebSite\",\"@id\":\"http:\/\/asisprojects.com\/#website\",\"url\":\"http:\/\/asisprojects.com\/\",\"name\":\"Asis Projects\",\"description\":\"\",\"publisher\":{\"@id\":\"http:\/\/asisprojects.com\/#organization\"},\"potentialAction\":[{\"@type\":\"SearchAction\",\"target\":{\"@type\":\"EntryPoint\",\"urlTemplate\":\"http:\/\/asisprojects.com\/?s={search_term_string}\"},\"query-input\":\"required name=search_term_string\"}],\"inLanguage\":\"es\"},{\"@type\":\"Organization\",\"@id\":\"http:\/\/asisprojects.com\/#organization\",\"name\":\"Asis Projects\",\"url\":\"http:\/\/asisprojects.com\/\",\"logo\":{\"@type\":\"ImageObject\",\"inLanguage\":\"es\",\"@id\":\"http:\/\/asisprojects.com\/#\/schema\/logo\/image\/\",\"url\":\"https:\/\/asisprojects.com\/wp-content\/uploads\/2023\/05\/logotipo-1.png\",\"contentUrl\":\"https:\/\/asisprojects.com\/wp-content\/uploads\/2023\/05\/logotipo-1.png\",\"width\":609,\"height\":155,\"caption\":\"Asis Projects\"},\"image\":{\"@id\":\"http:\/\/asisprojects.com\/#\/schema\/logo\/image\/\"}}]}<\/script>\n<!-- \/ Yoast SEO plugin. -->","yoast_head_json":{"title":"Construcci\u00f3n y Rehabilitaci\u00f3n - Asis Projects","description":"En Asisprojects realizamos construcciones, reformas, piscinas, p\u00e9rgolas, porches, cenadores, todo tipo de obras para tu casa y tu terreno.","robots":{"index":"index","follow":"follow","max-snippet":"max-snippet:-1","max-image-preview":"max-image-preview:large","max-video-preview":"max-video-preview:-1"},"canonical":"http:\/\/asisprojects.com\/index.php\/construccion-y-rehabilitacion\/","og_locale":"es_ES","og_type":"article","og_title":"Construcci\u00f3n y Rehabilitaci\u00f3n - Asis Projects","og_description":"En Asisprojects realizamos construcciones, reformas, piscinas, p\u00e9rgolas, porches, cenadores, todo tipo de obras para tu casa y tu terreno.","og_url":"http:\/\/asisprojects.com\/index.php\/construccion-y-rehabilitacion\/","og_site_name":"Asis Projects","article_modified_time":"2023-10-23T16:27:47+00:00","twitter_card":"summary_large_image","twitter_misc":{"Tiempo de lectura":"2 minutos"},"schema":{"@context":"https:\/\/schema.org","@graph":[{"@type":"WebPage","@id":"http:\/\/asisprojects.com\/index.php\/construccion-y-rehabilitacion\/","url":"http:\/\/asisprojects.com\/index.php\/construccion-y-rehabilitacion\/","name":"Construcci\u00f3n y Rehabilitaci\u00f3n - Asis Projects","isPartOf":{"@id":"http:\/\/asisprojects.com\/#website"},"datePublished":"2023-05-30T21:07:58+00:00","dateModified":"2023-10-23T16:27:47+00:00","description":"En Asisprojects realizamos construcciones, reformas, piscinas, p\u00e9rgolas, porches, cenadores, todo tipo de obras para tu casa y tu terreno.","breadcrumb":{"@id":"http:\/\/asisprojects.com\/index.php\/construccion-y-rehabilitacion\/#breadcrumb"},"inLanguage":"es","potentialAction":[{"@type":"ReadAction","target":["http:\/\/asisprojects.com\/index.php\/construccion-y-rehabilitacion\/"]}]},{"@type":"BreadcrumbList","@id":"http:\/\/asisprojects.com\/index.php\/construccion-y-rehabilitacion\/#breadcrumb","itemListElement":[{"@type":"ListItem","position":1,"name":"Portada","item":"http:\/\/asisprojects.com\/"},{"@type":"ListItem","position":2,"name":"Construcci\u00f3n y Rehabilitaci\u00f3n"}]},{"@type":"WebSite","@id":"http:\/\/asisprojects.com\/#website","url":"http:\/\/asisprojects.com\/","name":"Asis Projects","description":"","publisher":{"@id":"http:\/\/asisprojects.com\/#organization"},"potentialAction":[{"@type":"SearchAction","target":{"@type":"EntryPoint","urlTemplate":"http:\/\/asisprojects.com\/?s={search_term_string}"},"query-input":"required name=search_term_string"}],"inLanguage":"es"},{"@type":"Organization","@id":"http:\/\/asisprojects.com\/#organization","name":"Asis Projects","url":"http:\/\/asisprojects.com\/","logo":{"@type":"ImageObject","inLanguage":"es","@id":"http:\/\/asisprojects.com\/#\/schema\/logo\/image\/","url":"https:\/\/asisprojects.com\/wp-content\/uploads\/2023\/05\/logotipo-1.png","contentUrl":"https:\/\/asisprojects.com\/wp-content\/uploads\/2023\/05\/logotipo-1.png","width":609,"height":155,"caption":"Asis Projects"},"image":{"@id":"http:\/\/asisprojects.com\/#\/schema\/logo\/image\/"}}]}},"_links":{"self":[{"href":"http:\/\/asisprojects.com\/index.php\/wp-json\/wp\/v2\/pages\/9626"}],"collection":[{"href":"http:\/\/asisprojects.com\/index.php\/wp-json\/wp\/v2\/pages"}],"about":[{"href":"http:\/\/asisprojects.com\/index.php\/wp-json\/wp\/v2\/types\/page"}],"author":[{"embeddable":true,"href":"http:\/\/asisprojects.com\/index.php\/wp-json\/wp\/v2\/users\/2"}],"replies":[{"embeddable":true,"href":"http:\/\/asisprojects.com\/index.php\/wp-json\/wp\/v2\/comments?post=9626"}],"version-history":[{"count":98,"href":"http:\/\/asisprojects.com\/index.php\/wp-json\/wp\/v2\/pages\/9626\/revisions"}],"predecessor-version":[{"id":10925,"href":"http:\/\/asisprojects.com\/index.php\/wp-json\/wp\/v2\/pages\/9626\/revisions\/10925"}],"wp:attachment":[{"href":"http:\/\/asisprojects.com\/index.php\/wp-json\/wp\/v2\/media?parent=9626"}],"curies":[{"name":"wp","href":"https:\/\/api.w.org\/{rel}","templated":true}]}}