{"id":9514,"date":"2023-05-29T12:46:37","date_gmt":"2023-05-29T12:46:37","guid":{"rendered":"https:\/\/asisprojects.com\/?page_id=9514"},"modified":"2024-07-04T10:46:18","modified_gmt":"2024-07-04T08:46:18","slug":"jardineria-paisajismo","status":"publish","type":"page","link":"http:\/\/asisprojects.com\/index.php\/jardineria-paisajismo\/","title":{"rendered":"Jardineria &#8211; Paisajismo"},"content":{"rendered":"<section class=\"wpb-content-wrapper\"><p>[vc_row full_width=\u00bbstretch_row_content_no_spaces\u00bb content_placement=\u00bbmiddle\u00bb woodmart_bg_position=\u00bbright-center\u00bb css=\u00bb.vc_custom_1685378736069{background-position: center !important;background-repeat: no-repeat !important;background-size: contain !important;}\u00bb woodmart_css_id=\u00bb6474d6a8ab60e\u00bb responsive_spacing=\u00bbeyJwYXJhbV90eXBlIjoid29vZG1hcnRfcmVzcG9uc2l2ZV9zcGFjaW5nIiwic2VsZWN0b3JfaWQiOiI2NDc0ZDZhOGFiNjBlIiwic2hvcnRjb2RlIjoidmNfcm93IiwiZGF0YSI6eyJ0YWJsZXQiOnt9LCJtb2JpbGUiOnsibWFyZ2luLWJvdHRvbSI6IjYwcHgifX19&#8243; mobile_bg_img_hidden=\u00bbyes\u00bb tablet_bg_img_hidden=\u00bbyes\u00bb woodmart_parallax=\u00bb0&#8243; woodmart_gradient_switch=\u00bbno\u00bb row_reverse_mobile=\u00bb0&#8243; row_reverse_tablet=\u00bb0&#8243; woodmart_disable_overflow=\u00bb0&#8243; woodmart_box_shadow=\u00bbno\u00bb wd_z_index=\u00bbno\u00bb][vc_column width=\u00bb1\/2&#8243; css=\u00bb.vc_custom_1628760745202{padding-top: 0px !important;}\u00bb offset=\u00bbvc_col-lg-6 vc_col-xs-12&#8243; woodmart_css_id=\u00bb6114eaa4c56e2&#8243; responsive_spacing=\u00bbeyJwYXJhbV90eXBlIjoid29vZG1hcnRfcmVzcG9uc2l2ZV9zcGFjaW5nIiwic2VsZWN0b3JfaWQiOiI2MTE0ZWFhNGM1NmUyIiwic2hvcnRjb2RlIjoidmNfY29sdW1uIiwiZGF0YSI6eyJ0YWJsZXQiOnt9LCJtb2JpbGUiOnsibWFyZ2luLWJvdHRvbSI6IjQwIn19fQ==\u00bb parallax_scroll=\u00bbno\u00bb mobile_bg_img_hidden=\u00bbno\u00bb tablet_bg_img_hidden=\u00bbno\u00bb woodmart_parallax=\u00bb0&#8243; woodmart_sticky_column=\u00bbfalse\u00bb mobile_reset_margin=\u00bbno\u00bb tablet_reset_margin=\u00bbno\u00bb]\t\t<div id=\"wd-6686567fa8ccd\" class=\"wd-image wd-wpb wd-rs-6686567fa8ccd text-right vc_custom_1720080010295\">\n\t\t\t\n\t\t\t<img width=\"500\" height=\"667\" src=\"http:\/\/asisprojects.com\/wp-content\/uploads\/2023\/10\/WhatsApp-Image-2023-06-29-at-11.38.26-1-e1698131990513.jpeg\" class=\"attachment-full\" alt=\"\" decoding=\"async\" loading=\"lazy\" title=\"WhatsApp Image 2023-06-29 at 11.38.26 (1)\" srcset=\"http:\/\/asisprojects.com\/wp-content\/uploads\/2023\/10\/WhatsApp-Image-2023-06-29-at-11.38.26-1-e1698131990513.jpeg 500w, http:\/\/asisprojects.com\/wp-content\/uploads\/2023\/10\/WhatsApp-Image-2023-06-29-at-11.38.26-1-e1698131990513-225x300.jpeg 225w, http:\/\/asisprojects.com\/wp-content\/uploads\/2023\/10\/WhatsApp-Image-2023-06-29-at-11.38.26-1-e1698131990513-430x574.jpeg 430w, http:\/\/asisprojects.com\/wp-content\/uploads\/2023\/10\/WhatsApp-Image-2023-06-29-at-11.38.26-1-e1698131990513-150x200.jpeg 150w\" sizes=\"(max-width: 500px) 100vw, 500px\" \/>\n\t\t\t\t\t<\/div>\n\t\t\t\t<div id=\"wd-6686561433739\" class=\"wd-image wd-wpb wd-rs-6686561433739 text-right vc_custom_1720079910847\">\n\t\t\t\n\t\t\t<img width=\"500\" height=\"375\" src=\"http:\/\/asisprojects.com\/wp-content\/uploads\/2023\/06\/IMG_3371-e1687082452287.jpg\" class=\"attachment-full\" alt=\"\" decoding=\"async\" loading=\"lazy\" title=\"IMG_3371\" srcset=\"http:\/\/asisprojects.com\/wp-content\/uploads\/2023\/06\/IMG_3371-e1687082452287.jpg 500w, http:\/\/asisprojects.com\/wp-content\/uploads\/2023\/06\/IMG_3371-e1687082452287-400x300.jpg 400w, http:\/\/asisprojects.com\/wp-content\/uploads\/2023\/06\/IMG_3371-e1687082452287-430x323.jpg 430w, http:\/\/asisprojects.com\/wp-content\/uploads\/2023\/06\/IMG_3371-e1687082452287-150x113.jpg 150w\" sizes=\"(max-width: 500px) 100vw, 500px\" \/>\n\t\t\t\t\t<\/div>\n\t\t[\/vc_column][vc_column width=\u00bb1\/2&#8243; woodmart_bg_position=\u00bbright-center\u00bb css=\u00bb.vc_custom_1628761398709{margin-bottom: 140px !important;padding-top: 0px !important;padding-right: 15px !important;padding-left: 15px !important;background-position: 0 0 !important;background-repeat: no-repeat !important;}\u00bb offset=\u00bbvc_col-lg-4 vc_col-md-6 vc_col-xs-12&#8243; woodmart_css_id=\u00bb6114ed2d334db\u00bb responsive_spacing=\u00bbeyJwYXJhbV90eXBlIjoid29vZG1hcnRfcmVzcG9uc2l2ZV9zcGFjaW5nIiwic2VsZWN0b3JfaWQiOiI2MTE0ZWQyZDMzNGRiIiwic2hvcnRjb2RlIjoidmNfY29sdW1uIiwiZGF0YSI6eyJ0YWJsZXQiOnsibWFyZ2luLWJvdHRvbSI6IjAifSwibW9iaWxlIjp7fX19&#8243; parallax_scroll=\u00bbno\u00bb mobile_bg_img_hidden=\u00bbno\u00bb tablet_bg_img_hidden=\u00bbno\u00bb woodmart_parallax=\u00bb0&#8243; woodmart_sticky_column=\u00bbfalse\u00bb mobile_reset_margin=\u00bbno\u00bb tablet_reset_margin=\u00bbno\u00bb][vc_empty_space height=\u00bb200px\u00bb woodmart_hide_large=\u00bb0&#8243; woodmart_hide_medium=\u00bb0&#8243; woodmart_hide_small=\u00bb0&#8243;]\n\t\t<div id=\"wd-6492fa313fa56\" class=\"title-wrapper wd-wpb set-mb-s reset-last-child  wd-rs-6492fa313fa56 wd-title-color-default wd-title-style-default text-left vc_custom_1687353926441 wd-underline-colored\">\n\t\t\t\n\t\t\t<div class=\"liner-continer\">\n\t\t\t\t<h1 class=\"woodmart-title-container title  wd-font-weight- wd-fontsize-xxxl\" ><u>Jardiner\u00eda<\/u> y Paisajismo<\/h1>\n\t\t\t\t\t\t\t<\/div>\n\t\t\t\n\t\t\t\n\t\t\t\n\t\t<\/div>\n\t\t\n\t\t\t\t<div id=\"wd-649169fab0d39\" class=\"wd-text-block wd-wpb reset-last-child wd-rs-649169fab0d39 text-left wd-fontsize-custom vc_custom_1687251588933\">\n\t\t\t<p>En AsisProjects nos encargamos mucho m\u00e1s all\u00e1 de la elecci\u00f3n de las plantas de un jard\u00edn. En el mundo de la jardiner\u00eda y el paisajismo hay que tener en cuenta aspectos como la elecci\u00f3n de especies y su cuidado.<\/p>\n<p>Construcciones accesorias como las p\u00e9rgolas, escaleras, fuentes o incluso piscinas. forman parte del jard\u00edn, y ha de ser armonizado por el paisajista, sin perder de vista la integraci\u00f3n de otros componentes imprescindibles como instalaciones de riego, alba\u00f1iler\u00eda, iluminaci\u00f3n o el mobiliario.<\/p>\n<p>As\u00ed mismo, un especialista en paisajismo supervisa un equipo multidisciplinar, siendo el responsable de la consecuci\u00f3n de los objetivos del proyecto. Adem\u00e1s, escoger\u00e1 las plantas m\u00e1s adecuadas, atendiendo a factores como el suelo, el clima, la modalidad de riego, el mantenimiento que se le puede dar y su ubicaci\u00f3n.<\/p>\n\t\t<\/div>\n\t\t[vc_empty_space height=\u00bb72px\u00bb woodmart_hide_large=\u00bb0&#8243; woodmart_hide_medium=\u00bb0&#8243; woodmart_hide_small=\u00bb0&#8243;][vc_single_image image=\u00bb10667&#8243; img_size=\u00bbmedium\u00bb alignment=\u00bbright\u00bb parallax_scroll=\u00bbno\u00bb woodmart_inline=\u00bbno\u00bb css=\u00bb.vc_custom_1698078216074{margin-top: -50px !important;}\u00bb][\/vc_column][\/vc_row][vc_row][vc_column][vc_empty_space height=\u00bb40px\u00bb woodmart_hide_large=\u00bb0&#8243; woodmart_hide_medium=\u00bb0&#8243; woodmart_hide_small=\u00bb0&#8243;]\n\t\t<div id=\"wd-6480b3eb5c7ca\" class=\"title-wrapper wd-wpb set-mb-s reset-last-child  wd-rs-6480b3eb5c7ca wd-title-color-default wd-title-style-default text-left vc_custom_1686156291488 wd-width-custom wd-underline-bordered\">\n\t\t\t\n\t\t\t<div class=\"liner-continer\">\n\t\t\t\t<h1 class=\"woodmart-title-container title  wd-font-weight-400 wd-fontsize-l\" ><u>Servicios<\/u><\/h1>\n\t\t\t\t\t\t\t<\/div>\n\t\t\t\n\t\t\t\n\t\t\t\n\t\t<\/div>\n\t\t\n\t\t[\/vc_column][\/vc_row][vc_row][vc_column width=\u00bb1\/3&#8243;]\t\t<div class=\"promo-banner-wrapper  wd-rs-6492cf9f62966 \">\n\t\t\t<div id=\"wd-6492cf9f62966\" class=\"promo-banner  banner-mask banner-hover-zoom color-scheme-light banner-btn-size-default banner-btn-style-bordered  with-btn banner-btn-position-hover cursor-pointer wd-underline-colored\"\t\t\t\t onclick=\"window.location.href='https:\/\/asisprojects.com\/index.php\/mantenimiento-de-jardines\/'\"\t\t\t>\n\t\t\t\t<div class=\"main-wrapp-img\">\n\t\t\t\t\t<div class=\"banner-image wd-bg-position-center\" >\n\t\t\t\t\t\t<img class=\"promo-banner-image \" src=\"http:\/\/asisprojects.com\/wp-content\/uploads\/2023\/06\/PB101063-e1686760827334-500x600.jpg\" width=\"500\" height=\"600\" alt=\"OLYMPUS DIGITAL CAMERA\" title=\"OLYMPUS DIGITAL CAMERA\" \/>\t\t\t\t\t<\/div>\n\t\t\t\t<\/div>\n\n\t\t\t\t<div class=\"wrapper-content-banner wd-fill  wd-items-bottom wd-justify-center\">\n\t\t\t\t\t<div class=\"content-banner  text-center\">\n\t\t\t\t\t\t<h3 class=\"banner-title wd-font-weight- wd-fontsize-xxl\">MANTENIMIENTO DE JARDINES<\/h3>\t\t\t\t\t\t\n\t\t\t\t\t\t\n\t\t\t\t\t\t<div class=\"banner-btn-wrapper\"><div id=\"wd-69f2940f622d1\" class=\"  wd-button-wrapper text-center\"><a  class=\"btn btn-color-white btn-style-bordered btn-style-rectangle btn-size-default\">Ver m\u00e1s<\/a><\/div><\/div>\t\t\t\t\t<\/div>\n\t\t\t\t<\/div>\n\t\t\t\t\t\t\t<\/div>\n\t\t<\/div>\n\n\t\t[\/vc_column][vc_column width=\u00bb1\/3&#8243;]\t\t<div class=\"promo-banner-wrapper  wd-rs-6492cfb5c1b8c \">\n\t\t\t<div id=\"wd-6492cfb5c1b8c\" class=\"promo-banner  banner-mask banner-hover-zoom color-scheme-light banner-btn-size-default banner-btn-style-bordered  with-btn banner-btn-position-hover cursor-pointer wd-underline-colored\"\t\t\t\t onclick=\"window.location.href='https:\/\/asisprojects.com\/index.php\/podas\/'\"\t\t\t>\n\t\t\t\t<div class=\"main-wrapp-img\">\n\t\t\t\t\t<div class=\"banner-image wd-bg-position-center\" >\n\t\t\t\t\t\t<img class=\"promo-banner-image \" src=\"http:\/\/asisprojects.com\/wp-content\/uploads\/2023\/06\/IMG_9960-rotated-e1686748280947-480x600.jpg\" width=\"480\" height=\"600\" alt=\"IMG_9960\" title=\"IMG_9960\" \/>\t\t\t\t\t<\/div>\n\t\t\t\t<\/div>\n\n\t\t\t\t<div class=\"wrapper-content-banner wd-fill  wd-items-bottom wd-justify-center\">\n\t\t\t\t\t<div class=\"content-banner  text-center\">\n\t\t\t\t\t\t<h3 class=\"banner-title wd-font-weight- wd-fontsize-xxl\">PODAS Y PODAS EN ALTURA<\/h3>\t\t\t\t\t\t\n\t\t\t\t\t\t\n\t\t\t\t\t\t<div class=\"banner-btn-wrapper\"><div id=\"wd-69f2940f6811c\" class=\"  wd-button-wrapper text-center\"><a  class=\"btn btn-color-white btn-style-bordered btn-style-rectangle btn-size-default\">Ver m\u00e1s<\/a><\/div><\/div>\t\t\t\t\t<\/div>\n\t\t\t\t<\/div>\n\t\t\t\t\t\t\t<\/div>\n\t\t<\/div>\n\n\t\t[\/vc_column][vc_column width=\u00bb1\/3&#8243;]\t\t<div class=\"promo-banner-wrapper  wd-rs-6492cfd7dc9a9 \">\n\t\t\t<div id=\"wd-6492cfd7dc9a9\" class=\"promo-banner  banner-mask banner-hover-zoom color-scheme-light banner-btn-size-default banner-btn-style-bordered  with-btn banner-btn-position-hover cursor-pointer wd-underline-colored\"\t\t\t\t onclick=\"window.location.href='https:\/\/asisprojects.com\/index.php\/riego-automatico\/'\"\t\t\t>\n\t\t\t\t<div class=\"main-wrapp-img\">\n\t\t\t\t\t<div class=\"banner-image wd-bg-position-center\" >\n\t\t\t\t\t\t<img class=\"promo-banner-image \" src=\"http:\/\/asisprojects.com\/wp-content\/uploads\/2023\/06\/WhatsApp-Image-2023-06-16-at-11.06.26-e1687354164568.jpeg\" width=\"200\" height=\"253\" alt=\"WhatsApp Image 2023-06-16 at 11.06.26\" title=\"WhatsApp Image 2023-06-16 at 11.06.26\" \/>\t\t\t\t\t<\/div>\n\t\t\t\t<\/div>\n\n\t\t\t\t<div class=\"wrapper-content-banner wd-fill  wd-items-bottom wd-justify-center\">\n\t\t\t\t\t<div class=\"content-banner  text-center\">\n\t\t\t\t\t\t<h3 class=\"banner-title wd-font-weight- wd-fontsize-xxl\">RIEGO AUTOM\u00c1TICO<\/h3>\t\t\t\t\t\t\n\t\t\t\t\t\t\n\t\t\t\t\t\t<div class=\"banner-btn-wrapper\"><div id=\"wd-69f2940f68621\" class=\"  wd-button-wrapper text-center\"><a  class=\"btn btn-color-white btn-style-bordered btn-style-rectangle btn-size-default\">Ver m\u00e1s<\/a><\/div><\/div>\t\t\t\t\t<\/div>\n\t\t\t\t<\/div>\n\t\t\t\t\t\t\t<\/div>\n\t\t<\/div>\n\n\t\t[\/vc_column][\/vc_row][vc_row css=\u00bb.vc_custom_1686863427124{padding-top: 30px !important;}\u00bb woodmart_css_id=\u00bb648b7e2baccdd\u00bb responsive_spacing=\u00bbeyJwYXJhbV90eXBlIjoid29vZG1hcnRfcmVzcG9uc2l2ZV9zcGFjaW5nIiwic2VsZWN0b3JfaWQiOiI2NDhiN2UyYmFjY2RkIiwic2hvcnRjb2RlIjoidmNfcm93IiwiZGF0YSI6eyJ0YWJsZXQiOnt9LCJtb2JpbGUiOnt9fX0=\u00bb mobile_bg_img_hidden=\u00bbno\u00bb tablet_bg_img_hidden=\u00bbno\u00bb woodmart_parallax=\u00bb0&#8243; woodmart_gradient_switch=\u00bbno\u00bb woodmart_box_shadow=\u00bbno\u00bb wd_z_index=\u00bbno\u00bb woodmart_disable_overflow=\u00bb0&#8243; row_reverse_mobile=\u00bb0&#8243; row_reverse_tablet=\u00bb0&#8243;][vc_column width=\u00bb1\/3&#8243;]\t\t<div class=\"promo-banner-wrapper  wd-rs-649eb625db0f6 \">\n\t\t\t<div id=\"wd-649eb625db0f6\" class=\"promo-banner  banner-mask banner-hover-zoom color-scheme-light banner-btn-size-default banner-btn-style-bordered  with-btn banner-btn-position-hover cursor-pointer wd-underline-colored\"\t\t\t\t onclick=\"window.location.href='https:\/\/asisprojects.com\/index.php\/plantacion-de-arboles-y-plantas\/'\"\t\t\t>\n\t\t\t\t<div class=\"main-wrapp-img\">\n\t\t\t\t\t<div class=\"banner-image wd-bg-position-center\" >\n\t\t\t\t\t\t<img class=\"promo-banner-image \" src=\"http:\/\/asisprojects.com\/wp-content\/uploads\/2023\/06\/WhatsApp-Image-2023-06-29-at-12.07.55-e1688121975658.jpeg\" width=\"392\" height=\"375\" alt=\"WhatsApp Image 2023-06-29 at 12.07.55\" title=\"WhatsApp Image 2023-06-29 at 12.07.55\" \/>\t\t\t\t\t<\/div>\n\t\t\t\t<\/div>\n\n\t\t\t\t<div class=\"wrapper-content-banner wd-fill  wd-items-bottom wd-justify-center\">\n\t\t\t\t\t<div class=\"content-banner  text-center\">\n\t\t\t\t\t\t<h3 class=\"banner-title wd-font-weight- wd-fontsize-xxl\">PLANTACI\u00d3N DE \u00c1RBOLES Y PLANTAS<\/h3>\t\t\t\t\t\t\n\t\t\t\t\t\t\n\t\t\t\t\t\t<div class=\"banner-btn-wrapper\"><div id=\"wd-69f2940f68bdd\" class=\"  wd-button-wrapper text-center\"><a  class=\"btn btn-color-white btn-style-bordered btn-style-rectangle btn-size-default\">Ver m\u00e1s<\/a><\/div><\/div>\t\t\t\t\t<\/div>\n\t\t\t\t<\/div>\n\t\t\t\t\t\t\t<\/div>\n\t\t<\/div>\n\n\t\t[\/vc_column][vc_column width=\u00bb1\/3&#8243;]\t\t<div class=\"promo-banner-wrapper  wd-rs-6492fbd6cc8b2 \">\n\t\t\t<div id=\"wd-6492fbd6cc8b2\" class=\"promo-banner  banner-mask banner-hover-zoom color-scheme-light banner-btn-size-default banner-btn-style-bordered  with-btn banner-btn-position-hover cursor-pointer wd-underline-colored\"\t\t\t\t onclick=\"window.location.href='https:\/\/asisprojects.com\/index.php\/diseno-de-jardines\/'\"\t\t\t>\n\t\t\t\t<div class=\"main-wrapp-img\">\n\t\t\t\t\t<div class=\"banner-image wd-bg-position-center\" >\n\t\t\t\t\t\t<img class=\"promo-banner-image \" src=\"http:\/\/asisprojects.com\/wp-content\/uploads\/2023\/06\/WhatsApp-Image-2020-04-22-at-17.54.15-10-e1688033657451.jpeg\" width=\"320\" height=\"343\" alt=\"WhatsApp Image 2020-04-22 at 17.54.15 (10)\" title=\"WhatsApp Image 2020-04-22 at 17.54.15 (10)\" \/>\t\t\t\t\t<\/div>\n\t\t\t\t<\/div>\n\n\t\t\t\t<div class=\"wrapper-content-banner wd-fill  wd-items-bottom wd-justify-center\">\n\t\t\t\t\t<div class=\"content-banner  text-center\">\n\t\t\t\t\t\t<h3 class=\"banner-title wd-font-weight- wd-fontsize-xxl\">DISE\u00d1O DE JARDINES<\/h3>\t\t\t\t\t\t\n\t\t\t\t\t\t\n\t\t\t\t\t\t<div class=\"banner-btn-wrapper\"><div id=\"wd-69f2940f69063\" class=\"  wd-button-wrapper text-center\"><a  class=\"btn btn-color-white btn-style-bordered btn-style-rectangle btn-size-default\">Ver m\u00e1s<\/a><\/div><\/div>\t\t\t\t\t<\/div>\n\t\t\t\t<\/div>\n\t\t\t\t\t\t\t<\/div>\n\t\t<\/div>\n\n\t\t[\/vc_column][vc_column width=\u00bb1\/3&#8243;]\t\t<div class=\"promo-banner-wrapper  wd-rs-6492d0180c6aa \">\n\t\t\t<div id=\"wd-6492d0180c6aa\" class=\"promo-banner  banner-mask banner-hover-zoom color-scheme-light banner-btn-size-default banner-btn-style-bordered  with-btn banner-btn-position-hover cursor-pointer wd-underline-colored\"\t\t\t\t onclick=\"window.location.href='https:\/\/asisprojects.com\/index.php\/tratamiento-de-endoterapia\/'\"\t\t\t>\n\t\t\t\t<div class=\"main-wrapp-img\">\n\t\t\t\t\t<div class=\"banner-image wd-bg-position-center\" >\n\t\t\t\t\t\t<img class=\"promo-banner-image \" src=\"http:\/\/asisprojects.com\/wp-content\/uploads\/2023\/06\/WhatsApp-Image-2023-06-15-at-18.33.39.jpeg\" width=\"285\" height=\"328\" alt=\"WhatsApp Image 2023-06-15 at 18.33.39\" title=\"WhatsApp Image 2023-06-15 at 18.33.39\" \/>\t\t\t\t\t<\/div>\n\t\t\t\t<\/div>\n\n\t\t\t\t<div class=\"wrapper-content-banner wd-fill  wd-items-bottom wd-justify-center\">\n\t\t\t\t\t<div class=\"content-banner  text-center\">\n\t\t\t\t\t\t<h3 class=\"banner-title wd-font-weight- wd-fontsize-xxl\">TRATAMIENTO DE ENDOTERAPIA<\/h3>\t\t\t\t\t\t\n\t\t\t\t\t\t\n\t\t\t\t\t\t<div class=\"banner-btn-wrapper\"><div id=\"wd-69f2940f694a9\" class=\"  wd-button-wrapper text-center\"><a  class=\"btn btn-color-white btn-style-bordered btn-style-rectangle btn-size-default\">Ver m\u00e1s<\/a><\/div><\/div>\t\t\t\t\t<\/div>\n\t\t\t\t<\/div>\n\t\t\t\t\t\t\t<\/div>\n\t\t<\/div>\n\n\t\t[\/vc_column][\/vc_row]<\/p>\n<\/section>","protected":false},"excerpt":{"rendered":"<p>[vc_row full_width=\u00bbstretch_row_content_no_spaces\u00bb content_placement=\u00bbmiddle\u00bb woodmart_bg_position=\u00bbright-center\u00bb css=\u00bb.vc_custom_1685378736069{background-position: center !important;background-repeat: no-repeat !important;background-size: contain !important;}\u00bb woodmart_css_id=\u00bb6474d6a8ab60e\u00bb responsive_spacing=\u00bbeyJwYXJhbV90eXBlIjoid29vZG1hcnRfcmVzcG9uc2l2ZV9zcGFjaW5nIiwic2VsZWN0b3JfaWQiOiI2NDc0ZDZhOGFiNjBlIiwic2hvcnRjb2RlIjoidmNfcm93IiwiZGF0YSI6eyJ0YWJsZXQiOnt9LCJtb2JpbGUiOnsibWFyZ2luLWJvdHRvbSI6IjYwcHgifX19&#8243; mobile_bg_img_hidden=\u00bbyes\u00bb tablet_bg_img_hidden=\u00bbyes\u00bb woodmart_parallax=\u00bb0&#8243; woodmart_gradient_switch=\u00bbno\u00bb row_reverse_mobile=\u00bb0&#8243; row_reverse_tablet=\u00bb0&#8243; woodmart_disable_overflow=\u00bb0&#8243;<\/p>\n","protected":false},"author":2,"featured_media":0,"parent":0,"menu_order":0,"comment_status":"closed","ping_status":"closed","template":"","meta":{"_joinchat":[]},"yoast_head":"<!-- This site is optimized with the Yoast SEO plugin v20.9 - https:\/\/yoast.com\/wordpress\/plugins\/seo\/ -->\n<title>Jardineria - Paisajismo - Asis Projects<\/title>\n<meta name=\"description\" content=\"En Asisprojetcs realizamos cerramientos, cerramientos con arbustos, podas, podas en altura, desbroces, mantenimiento de jardines, etc..\" \/>\n<meta name=\"robots\" content=\"index, follow, max-snippet:-1, max-image-preview:large, max-video-preview:-1\" \/>\n<link rel=\"canonical\" href=\"https:\/\/asisprojects.com\/index.php\/jardineria-paisajismo\/\" \/>\n<meta property=\"og:locale\" content=\"es_ES\" \/>\n<meta property=\"og:type\" content=\"article\" \/>\n<meta property=\"og:title\" content=\"Jardineria - Paisajismo - Asis Projects\" \/>\n<meta property=\"og:description\" content=\"En Asisprojetcs realizamos cerramientos, cerramientos con arbustos, podas, podas en altura, desbroces, mantenimiento de jardines, etc..\" \/>\n<meta property=\"og:url\" content=\"https:\/\/asisprojects.com\/index.php\/jardineria-paisajismo\/\" \/>\n<meta property=\"og:site_name\" content=\"Asis Projects\" \/>\n<meta property=\"article:modified_time\" content=\"2024-07-04T08:46:18+00:00\" \/>\n<meta name=\"twitter:card\" content=\"summary_large_image\" \/>\n<meta name=\"twitter:label1\" content=\"Tiempo de lectura\" \/>\n\t<meta name=\"twitter:data1\" content=\"5 minutos\" \/>\n<script type=\"application\/ld+json\" class=\"yoast-schema-graph\">{\"@context\":\"https:\/\/schema.org\",\"@graph\":[{\"@type\":\"WebPage\",\"@id\":\"https:\/\/asisprojects.com\/index.php\/jardineria-paisajismo\/\",\"url\":\"https:\/\/asisprojects.com\/index.php\/jardineria-paisajismo\/\",\"name\":\"Jardineria - Paisajismo - Asis Projects\",\"isPartOf\":{\"@id\":\"http:\/\/asisprojects.com\/#website\"},\"datePublished\":\"2023-05-29T12:46:37+00:00\",\"dateModified\":\"2024-07-04T08:46:18+00:00\",\"description\":\"En Asisprojetcs realizamos cerramientos, cerramientos con arbustos, podas, podas en altura, desbroces, mantenimiento de jardines, etc..\",\"breadcrumb\":{\"@id\":\"https:\/\/asisprojects.com\/index.php\/jardineria-paisajismo\/#breadcrumb\"},\"inLanguage\":\"es\",\"potentialAction\":[{\"@type\":\"ReadAction\",\"target\":[\"https:\/\/asisprojects.com\/index.php\/jardineria-paisajismo\/\"]}]},{\"@type\":\"BreadcrumbList\",\"@id\":\"https:\/\/asisprojects.com\/index.php\/jardineria-paisajismo\/#breadcrumb\",\"itemListElement\":[{\"@type\":\"ListItem\",\"position\":1,\"name\":\"Portada\",\"item\":\"http:\/\/asisprojects.com\/\"},{\"@type\":\"ListItem\",\"position\":2,\"name\":\"Jardineria &#8211; Paisajismo\"}]},{\"@type\":\"WebSite\",\"@id\":\"http:\/\/asisprojects.com\/#website\",\"url\":\"http:\/\/asisprojects.com\/\",\"name\":\"Asis Projects\",\"description\":\"\",\"publisher\":{\"@id\":\"http:\/\/asisprojects.com\/#organization\"},\"potentialAction\":[{\"@type\":\"SearchAction\",\"target\":{\"@type\":\"EntryPoint\",\"urlTemplate\":\"http:\/\/asisprojects.com\/?s={search_term_string}\"},\"query-input\":\"required name=search_term_string\"}],\"inLanguage\":\"es\"},{\"@type\":\"Organization\",\"@id\":\"http:\/\/asisprojects.com\/#organization\",\"name\":\"Asis Projects\",\"url\":\"http:\/\/asisprojects.com\/\",\"logo\":{\"@type\":\"ImageObject\",\"inLanguage\":\"es\",\"@id\":\"http:\/\/asisprojects.com\/#\/schema\/logo\/image\/\",\"url\":\"https:\/\/asisprojects.com\/wp-content\/uploads\/2023\/05\/logotipo-1.png\",\"contentUrl\":\"https:\/\/asisprojects.com\/wp-content\/uploads\/2023\/05\/logotipo-1.png\",\"width\":609,\"height\":155,\"caption\":\"Asis Projects\"},\"image\":{\"@id\":\"http:\/\/asisprojects.com\/#\/schema\/logo\/image\/\"}}]}<\/script>\n<!-- \/ Yoast SEO plugin. -->","yoast_head_json":{"title":"Jardineria - Paisajismo - Asis Projects","description":"En Asisprojetcs realizamos cerramientos, cerramientos con arbustos, podas, podas en altura, desbroces, mantenimiento de jardines, etc..","robots":{"index":"index","follow":"follow","max-snippet":"max-snippet:-1","max-image-preview":"max-image-preview:large","max-video-preview":"max-video-preview:-1"},"canonical":"https:\/\/asisprojects.com\/index.php\/jardineria-paisajismo\/","og_locale":"es_ES","og_type":"article","og_title":"Jardineria - Paisajismo - Asis Projects","og_description":"En Asisprojetcs realizamos cerramientos, cerramientos con arbustos, podas, podas en altura, desbroces, mantenimiento de jardines, etc..","og_url":"https:\/\/asisprojects.com\/index.php\/jardineria-paisajismo\/","og_site_name":"Asis Projects","article_modified_time":"2024-07-04T08:46:18+00:00","twitter_card":"summary_large_image","twitter_misc":{"Tiempo de lectura":"5 minutos"},"schema":{"@context":"https:\/\/schema.org","@graph":[{"@type":"WebPage","@id":"https:\/\/asisprojects.com\/index.php\/jardineria-paisajismo\/","url":"https:\/\/asisprojects.com\/index.php\/jardineria-paisajismo\/","name":"Jardineria - Paisajismo - Asis Projects","isPartOf":{"@id":"http:\/\/asisprojects.com\/#website"},"datePublished":"2023-05-29T12:46:37+00:00","dateModified":"2024-07-04T08:46:18+00:00","description":"En Asisprojetcs realizamos cerramientos, cerramientos con arbustos, podas, podas en altura, desbroces, mantenimiento de jardines, etc..","breadcrumb":{"@id":"https:\/\/asisprojects.com\/index.php\/jardineria-paisajismo\/#breadcrumb"},"inLanguage":"es","potentialAction":[{"@type":"ReadAction","target":["https:\/\/asisprojects.com\/index.php\/jardineria-paisajismo\/"]}]},{"@type":"BreadcrumbList","@id":"https:\/\/asisprojects.com\/index.php\/jardineria-paisajismo\/#breadcrumb","itemListElement":[{"@type":"ListItem","position":1,"name":"Portada","item":"http:\/\/asisprojects.com\/"},{"@type":"ListItem","position":2,"name":"Jardineria &#8211; Paisajismo"}]},{"@type":"WebSite","@id":"http:\/\/asisprojects.com\/#website","url":"http:\/\/asisprojects.com\/","name":"Asis Projects","description":"","publisher":{"@id":"http:\/\/asisprojects.com\/#organization"},"potentialAction":[{"@type":"SearchAction","target":{"@type":"EntryPoint","urlTemplate":"http:\/\/asisprojects.com\/?s={search_term_string}"},"query-input":"required name=search_term_string"}],"inLanguage":"es"},{"@type":"Organization","@id":"http:\/\/asisprojects.com\/#organization","name":"Asis Projects","url":"http:\/\/asisprojects.com\/","logo":{"@type":"ImageObject","inLanguage":"es","@id":"http:\/\/asisprojects.com\/#\/schema\/logo\/image\/","url":"https:\/\/asisprojects.com\/wp-content\/uploads\/2023\/05\/logotipo-1.png","contentUrl":"https:\/\/asisprojects.com\/wp-content\/uploads\/2023\/05\/logotipo-1.png","width":609,"height":155,"caption":"Asis Projects"},"image":{"@id":"http:\/\/asisprojects.com\/#\/schema\/logo\/image\/"}}]}},"_links":{"self":[{"href":"http:\/\/asisprojects.com\/index.php\/wp-json\/wp\/v2\/pages\/9514"}],"collection":[{"href":"http:\/\/asisprojects.com\/index.php\/wp-json\/wp\/v2\/pages"}],"about":[{"href":"http:\/\/asisprojects.com\/index.php\/wp-json\/wp\/v2\/types\/page"}],"author":[{"embeddable":true,"href":"http:\/\/asisprojects.com\/index.php\/wp-json\/wp\/v2\/users\/2"}],"replies":[{"embeddable":true,"href":"http:\/\/asisprojects.com\/index.php\/wp-json\/wp\/v2\/comments?post=9514"}],"version-history":[{"count":122,"href":"http:\/\/asisprojects.com\/index.php\/wp-json\/wp\/v2\/pages\/9514\/revisions"}],"predecessor-version":[{"id":10989,"href":"http:\/\/asisprojects.com\/index.php\/wp-json\/wp\/v2\/pages\/9514\/revisions\/10989"}],"wp:attachment":[{"href":"http:\/\/asisprojects.com\/index.php\/wp-json\/wp\/v2\/media?parent=9514"}],"curies":[{"name":"wp","href":"https:\/\/api.w.org\/{rel}","templated":true}]}}